{"id":75,"date":"2016-11-24T15:25:41","date_gmt":"2016-11-24T15:25:41","guid":{"rendered":"http:\/\/v2.itmgmbh.net\/wordpress\/?page_id=75"},"modified":"2020-04-06T11:24:10","modified_gmt":"2020-04-06T11:24:10","slug":"ihr-weg-zu-itm-sourcing","status":"publish","type":"page","link":"https:\/\/itmtools.de\/?page_id=75","title":{"rendered":"Ihr Weg zu ITM-Sourcing"},"content":{"rendered":"<div id=\"pl-75\"  class=\"panel-layout\" ><div id=\"pg-75-0\"  class=\"panel-grid panel-has-style\" ><div class=\"siteorigin-panels-stretch panel-row-style panel-row-style-for-75-0\" data-stretch-type=\"full-stretched\" ><div id=\"pgc-75-0-0\"  class=\"panel-grid-cell\" ><div id=\"panel-75-0-0-0\" class=\"so-panel widget widget_sow-editor panel-first-child panel-last-child\" data-index=\"0\" ><div class=\"container panel-widget-style panel-widget-style-for-75-0-0-0\" ><div\n\t\t\t\n\t\t\tclass=\"so-widget-sow-editor so-widget-sow-editor-base\"\n\t\t\t\n\t\t>\n<div class=\"siteorigin-widget-tinymce textwidget\">\n\t<h1 class=\"animated fadeInUp thin-black\" style=\"text-align: center;background:rgba(0,0,0,0.1);\">Ihr Weg zu ITM-Sourcing<\/h1>\n<hr class=\"soften\" \/>\n\n<div class=\"su-row\"><div class=\"su-column su-column-size-1-2\"><div class=\"su-column-inner su-u-clearfix su-u-trim\">\n<div class=\"col-md-3\"><img decoding=\"async\" class=\"img-circle img-responsive img-thumbnail center-block\" src=\"https:\/\/www.itmgmbh.net\/wp-content\/uploads\/2019\/11\/LMjr.jpg\" alt=\"Ljube Mikulovic\" width=\"150\" \/><\/div>\n<div class=\"col-md-9\">\n<ul class=\"list-group\" style=\"margin-top: 10px;\">\n \t<li class=\"list-group-item line-group-item-pad3 center\"><span class=\"label label-danger\">Ansprechpartner:<\/span>\u00a0\u00a0Ljube Mikulovic jun.<\/li>\n \t<li class=\"list-group-item line-group-item-pad3 center\"><em class=\"fa fa-phone fa-lg red\">\u00a0 \u00a0<\/em>+49 8031 3506200<\/li>\n \t<li class=\"list-group-item line-group-item-pad3 center\"><em class=\"fa fa-envelope red\">\u00a0\u00a0<\/em> <a href=\"mailto:info@itmgmbh.net\">info(at)itmgmbh.net<\/a><\/li>\n<\/ul><\/div>\n<div class=\"clearfix\"><\/div>\n<\/div><\/div>\n<div class=\"su-column su-column-size-1-2\"><div class=\"su-column-inner su-u-clearfix su-u-trim\">\n<div class=\"col-md-3\"><img decoding=\"async\" class=\"img-responsive img-circle img-thumbnail center-block\" src=\"https:\/\/itmtools.de\/wp-content\/uploads\/2019\/11\/LM.jpg\" alt=\"Ljubodrag Mikulovic\" width=\"150\" \/><\/div>\n<div class=\"col-md-9\">\n<ul class=\"list-group\" style=\"margin-top: 10px;\">\n \t<li class=\"list-group-item line-group-item-pad3 center\"><span class=\"label label-danger\">Ansprechpartner:<\/span>\u00a0\u00a0Ljubodrag Mikulovic<\/li>\n \t<li class=\"list-group-item line-group-item-pad3 center\"><em class=\"fa fa-phone fa-lg red\">\u00a0 \u00a0<\/em>+49 8031 3506200<\/li>\n \t<li class=\"list-group-item line-group-item-pad3 center\"><em class=\"fa fa-envelope red\">\u00a0 <a href=\"mailto:l.mikulovic@itmgmbh.net\">l.mikulovic(at)itmgmbh.net<\/a>\n<\/em><\/li>\n<\/ul>\n<\/div>\n<div class=\"clearfix\"><\/div>\n<\/div><\/div><\/div><\/div>\n<\/div><\/div><\/div><\/div><\/div><\/div><div id=\"pg-75-1\"  class=\"panel-grid panel-has-style\" ><div class=\"container panel-row-style panel-row-style-for-75-1\" ><div id=\"pgc-75-1-0\"  class=\"panel-grid-cell\" ><div id=\"panel-75-1-0-0\" class=\"so-panel widget widget_sow-editor panel-first-child panel-last-child\" data-index=\"1\" ><div class=\"container panel-widget-style panel-widget-style-for-75-1-0-0\" ><div\n\t\t\t\n\t\t\tclass=\"so-widget-sow-editor so-widget-sow-editor-base\"\n\t\t\t\n\t\t>\n<div class=\"siteorigin-widget-tinymce textwidget\">\n\t[accordion autoclose=true openfirst=true tag=h4]\n[accordion-item title=\"1 - Nehmen Sie Kontakt...\" state=open]\n<div class=\"row\">\n<div class=\"col-md-offset-3 col-md-6\">\n<p style=\"text-align: center;\">Nehmen Sie Kontakt zu Herr Ljubodrag Mikulovic auf<\/p>\n<div style=\"width: 250px; padding-bottom: 1rem; margin: auto;\"><img decoding=\"async\" class=\"img-circle img-thumbnail\" src=\"https:\/\/itmtools.de\/wp-content\/uploads\/2019\/11\/LM.jpg\" alt=\"Ljubodrag Mikulovic\" \/><\/div>\n<ul>\n<li class=\"list-group-item\"><span class=\"fa fa-mobile red fa-lg\">\u00a0<\/span>+49 8031 3506200<\/li>\n<li class=\"list-group-item\"><span class=\"fa fa-envelope red\"><a href=\"mailto:l.mikulovic@itmgmbh.net\"> l.mikulovic(at)itmgmbh.net<\/a><\/span><\/li>\n<\/ul>\n<\/div>\n<\/div>\n[\/accordion-item]\n[accordion-item title=\"2 - Wir nehmen Ihre bestehende...\"]\n<p style=\"text-align: center;\">Wir nehmen Ihre bestehende EDV auf und sprechen mit Ihnen \u00fcber Ihre Ziele und Anforderungen an das neue EDV-System.<\/p>\n[\/accordion-item]\n[accordion-item title=\"3 - Wir nehmen Kontakt ...\"]\n<p style=\"text-align: center;\">Wir nehmen Ihre bestehende EDV auf und sprechen mit Ihnen \u00fcber Ihre Ziele und Anforderungen an das neue EDV-System.<\/p>\n<ul>\n<li class=\"list-group-item\" style=\"text-align: center;\">Inhouse-L\u00f6sung mit All-Inklusive Betreuung der ITM GmbH<\/li>\n<li class=\"list-group-item\" style=\"text-align: center;\">ITM Sourcing<\/li>\n<li class=\"list-group-item\" style=\"text-align: center;\">DATEV asp<\/li>\n<\/ul>\n[\/accordion-item]\n[accordion-item title=\"4 - Wir stellen Ihnen die Angebote...\"]\n<p style=\"text-align: center;\">Wir stellen Ihnen die Angebote vor, auch eine Grobplanung f\u00fcr die Umstellung, und bieten Ihnen die M\u00f6glichkeit an mit unseren Referenzkanzleien zu ITM-Sourcing Kontakt aufzunehmen.<\/p>\n[\/accordion-item]\n[accordion-item title=\"5 - Sie entscheiden sich f\u00fcr ITM-Sourcing...\" ]\n<p style=\"text-align: center;\">Sie entscheiden sich f\u00fcr ITM-Sourcing, wir \u00fcbernehmen ab sofort die Gesamtverantwortung f\u00fcr Ihre EDV und erstellen gemeinsam mit Ihnen den detaillierten Plan f\u00fcr die Umstellung auf ITM-Sourcing.<\/p>\n[\/accordion-item]\n[\/accordion]\n<\/div>\n<\/div><\/div><\/div><\/div><\/div><\/div><\/div>","protected":false},"excerpt":{"rendered":"<p>Ihr Weg zu ITM-Sourcing [accordion autoclose=true openfirst=true tag=h4] [accordion-item title=&#8221;1 &#8211; Nehmen Sie Kontakt&#8230;&#8221; state=open] Nehmen Sie Kontakt zu Herr Ljubodrag Mikulovic auf \u00a0+49 8031 3506200 l.mikulovic(at)itmgmbh.net [\/accordion-item] [accordion-item title=&#8221;2 &#8211; Wir nehmen Ihre bestehende&#8230;&#8221;] Wir nehmen Ihre bestehende EDV auf und sprechen mit Ihnen \u00fcber Ihre Ziele und Anforderungen an das neue EDV-System. [\/accordion-item] [&hellip;]<\/p>\n","protected":false},"author":1,"featured_media":0,"parent":0,"menu_order":0,"comment_status":"closed","ping_status":"closed","template":"","meta":{"footnotes":""},"class_list":["post-75","page","type-page","status-publish","hentry"],"yoast_head":"<!-- This site is optimized with the Yoast SEO plugin v27.2 - https:\/\/yoast.com\/product\/yoast-seo-wordpress\/ -->\n<title>Ihr Weg zu ITM-Sourcing - itm-sourcing.net<\/title>\n<meta name=\"robots\" content=\"index, follow, max-snippet:-1, max-image-preview:large, max-video-preview:-1\" \/>\n<link rel=\"canonical\" href=\"https:\/\/itmtools.de\/?page_id=75\" \/>\n<meta property=\"og:locale\" content=\"en_US\" \/>\n<meta property=\"og:type\" content=\"article\" \/>\n<meta property=\"og:title\" content=\"Ihr Weg zu ITM-Sourcing - itm-sourcing.net\" \/>\n<meta property=\"og:description\" content=\"Ihr Weg zu ITM-Sourcing [accordion autoclose=true openfirst=true tag=h4] [accordion-item title=&quot;1 - Nehmen Sie Kontakt...&quot; state=open] Nehmen Sie Kontakt zu Herr Ljubodrag Mikulovic auf \u00a0+49 8031 3506200 l.mikulovic(at)itmgmbh.net [\/accordion-item] [accordion-item title=&quot;2 - Wir nehmen Ihre bestehende...&quot;] Wir nehmen Ihre bestehende EDV auf und sprechen mit Ihnen \u00fcber Ihre Ziele und Anforderungen an das neue EDV-System. [\/accordion-item] [&hellip;]\" \/>\n<meta property=\"og:url\" content=\"https:\/\/itmtools.de\/?page_id=75\" \/>\n<meta property=\"og:site_name\" content=\"itm-sourcing.net\" \/>\n<meta property=\"article:publisher\" content=\"https:\/\/www.facebook.com\/ITM-GmbH-167575009959452\" \/>\n<meta property=\"article:modified_time\" content=\"2020-04-06T11:24:10+00:00\" \/>\n<meta property=\"og:image\" content=\"https:\/\/www.itmgmbh.net\/wp-content\/uploads\/2019\/11\/LMjr.jpg\" \/>\n<meta name=\"twitter:card\" content=\"summary_large_image\" \/>\n<meta name=\"twitter:site\" content=\"@itmgmbh\" \/>\n<meta name=\"twitter:label1\" content=\"Est. reading time\" \/>\n\t<meta name=\"twitter:data1\" content=\"1 minute\" \/>\n<script type=\"application\/ld+json\" class=\"yoast-schema-graph\">{\"@context\":\"https:\/\/schema.org\",\"@graph\":[{\"@type\":\"WebPage\",\"@id\":\"https:\/\/itmtools.de\/?page_id=75\",\"url\":\"https:\/\/itmtools.de\/?page_id=75\",\"name\":\"Ihr Weg zu ITM-Sourcing - itm-sourcing.net\",\"isPartOf\":{\"@id\":\"https:\/\/itmtools.de\/#website\"},\"primaryImageOfPage\":{\"@id\":\"https:\/\/itmtools.de\/?page_id=75#primaryimage\"},\"image\":{\"@id\":\"https:\/\/itmtools.de\/?page_id=75#primaryimage\"},\"thumbnailUrl\":\"https:\/\/www.itmgmbh.net\/wp-content\/uploads\/2019\/11\/LMjr.jpg\",\"datePublished\":\"2016-11-24T15:25:41+00:00\",\"dateModified\":\"2020-04-06T11:24:10+00:00\",\"breadcrumb\":{\"@id\":\"https:\/\/itmtools.de\/?page_id=75#breadcrumb\"},\"inLanguage\":\"en-US\",\"potentialAction\":[{\"@type\":\"ReadAction\",\"target\":[\"https:\/\/itmtools.de\/?page_id=75\"]}]},{\"@type\":\"ImageObject\",\"inLanguage\":\"en-US\",\"@id\":\"https:\/\/itmtools.de\/?page_id=75#primaryimage\",\"url\":\"https:\/\/www.itmgmbh.net\/wp-content\/uploads\/2019\/11\/LMjr.jpg\",\"contentUrl\":\"https:\/\/www.itmgmbh.net\/wp-content\/uploads\/2019\/11\/LMjr.jpg\"},{\"@type\":\"BreadcrumbList\",\"@id\":\"https:\/\/itmtools.de\/?page_id=75#breadcrumb\",\"itemListElement\":[{\"@type\":\"ListItem\",\"position\":1,\"name\":\"Home\",\"item\":\"https:\/\/itmtools.de\/\"},{\"@type\":\"ListItem\",\"position\":2,\"name\":\"Ihr Weg zu ITM-Sourcing\"}]},{\"@type\":\"WebSite\",\"@id\":\"https:\/\/itmtools.de\/#website\",\"url\":\"https:\/\/itmtools.de\/\",\"name\":\"itm-sourcing.net\",\"description\":\"ITM-Sourcing.net\",\"potentialAction\":[{\"@type\":\"SearchAction\",\"target\":{\"@type\":\"EntryPoint\",\"urlTemplate\":\"https:\/\/itmtools.de\/?s={search_term_string}\"},\"query-input\":{\"@type\":\"PropertyValueSpecification\",\"valueRequired\":true,\"valueName\":\"search_term_string\"}}],\"inLanguage\":\"en-US\"}]}<\/script>\n<!-- \/ Yoast SEO plugin. -->","yoast_head_json":{"title":"Ihr Weg zu ITM-Sourcing - itm-sourcing.net","robots":{"index":"index","follow":"follow","max-snippet":"max-snippet:-1","max-image-preview":"max-image-preview:large","max-video-preview":"max-video-preview:-1"},"canonical":"https:\/\/itmtools.de\/?page_id=75","og_locale":"en_US","og_type":"article","og_title":"Ihr Weg zu ITM-Sourcing - itm-sourcing.net","og_description":"Ihr Weg zu ITM-Sourcing [accordion autoclose=true openfirst=true tag=h4] [accordion-item title=\"1 - Nehmen Sie Kontakt...\" state=open] Nehmen Sie Kontakt zu Herr Ljubodrag Mikulovic auf \u00a0+49 8031 3506200 l.mikulovic(at)itmgmbh.net [\/accordion-item] [accordion-item title=\"2 - Wir nehmen Ihre bestehende...\"] Wir nehmen Ihre bestehende EDV auf und sprechen mit Ihnen \u00fcber Ihre Ziele und Anforderungen an das neue EDV-System. [\/accordion-item] [&hellip;]","og_url":"https:\/\/itmtools.de\/?page_id=75","og_site_name":"itm-sourcing.net","article_publisher":"https:\/\/www.facebook.com\/ITM-GmbH-167575009959452","article_modified_time":"2020-04-06T11:24:10+00:00","og_image":[{"url":"https:\/\/www.itmgmbh.net\/wp-content\/uploads\/2019\/11\/LMjr.jpg","type":"","width":"","height":""}],"twitter_card":"summary_large_image","twitter_site":"@itmgmbh","twitter_misc":{"Est. reading time":"1 minute"},"schema":{"@context":"https:\/\/schema.org","@graph":[{"@type":"WebPage","@id":"https:\/\/itmtools.de\/?page_id=75","url":"https:\/\/itmtools.de\/?page_id=75","name":"Ihr Weg zu ITM-Sourcing - itm-sourcing.net","isPartOf":{"@id":"https:\/\/itmtools.de\/#website"},"primaryImageOfPage":{"@id":"https:\/\/itmtools.de\/?page_id=75#primaryimage"},"image":{"@id":"https:\/\/itmtools.de\/?page_id=75#primaryimage"},"thumbnailUrl":"https:\/\/www.itmgmbh.net\/wp-content\/uploads\/2019\/11\/LMjr.jpg","datePublished":"2016-11-24T15:25:41+00:00","dateModified":"2020-04-06T11:24:10+00:00","breadcrumb":{"@id":"https:\/\/itmtools.de\/?page_id=75#breadcrumb"},"inLanguage":"en-US","potentialAction":[{"@type":"ReadAction","target":["https:\/\/itmtools.de\/?page_id=75"]}]},{"@type":"ImageObject","inLanguage":"en-US","@id":"https:\/\/itmtools.de\/?page_id=75#primaryimage","url":"https:\/\/www.itmgmbh.net\/wp-content\/uploads\/2019\/11\/LMjr.jpg","contentUrl":"https:\/\/www.itmgmbh.net\/wp-content\/uploads\/2019\/11\/LMjr.jpg"},{"@type":"BreadcrumbList","@id":"https:\/\/itmtools.de\/?page_id=75#breadcrumb","itemListElement":[{"@type":"ListItem","position":1,"name":"Home","item":"https:\/\/itmtools.de\/"},{"@type":"ListItem","position":2,"name":"Ihr Weg zu ITM-Sourcing"}]},{"@type":"WebSite","@id":"https:\/\/itmtools.de\/#website","url":"https:\/\/itmtools.de\/","name":"itm-sourcing.net","description":"ITM-Sourcing.net","potentialAction":[{"@type":"SearchAction","target":{"@type":"EntryPoint","urlTemplate":"https:\/\/itmtools.de\/?s={search_term_string}"},"query-input":{"@type":"PropertyValueSpecification","valueRequired":true,"valueName":"search_term_string"}}],"inLanguage":"en-US"}]}},"_links":{"self":[{"href":"https:\/\/itmtools.de\/index.php?rest_route=\/wp\/v2\/pages\/75","targetHints":{"allow":["GET"]}}],"collection":[{"href":"https:\/\/itmtools.de\/index.php?rest_route=\/wp\/v2\/pages"}],"about":[{"href":"https:\/\/itmtools.de\/index.php?rest_route=\/wp\/v2\/types\/page"}],"author":[{"embeddable":true,"href":"https:\/\/itmtools.de\/index.php?rest_route=\/wp\/v2\/users\/1"}],"replies":[{"embeddable":true,"href":"https:\/\/itmtools.de\/index.php?rest_route=%2Fwp%2Fv2%2Fcomments&post=75"}],"version-history":[{"count":30,"href":"https:\/\/itmtools.de\/index.php?rest_route=\/wp\/v2\/pages\/75\/revisions"}],"predecessor-version":[{"id":284,"href":"https:\/\/itmtools.de\/index.php?rest_route=\/wp\/v2\/pages\/75\/revisions\/284"}],"wp:attachment":[{"href":"https:\/\/itmtools.de\/index.php?rest_route=%2Fwp%2Fv2%2Fmedia&parent=75"}],"curies":[{"name":"wp","href":"https:\/\/api.w.org\/{rel}","templated":true}]}}